{"id":19012,"date":"2015-10-22T03:26:46","date_gmt":"2015-10-22T01:26:46","guid":{"rendered":"http:\/\/www.langueappart.fr\/faqs\/"},"modified":"2024-08-16T07:39:38","modified_gmt":"2024-08-16T05:39:38","slug":"preguntas-frecuentes","status":"publish","type":"page","link":"https:\/\/www.langueappart.fr\/es\/preguntas-frecuentes\/","title":{"rendered":"Preguntas Frecuentes"},"content":{"rendered":"\t\t<div data-elementor-type=\"wp-page\" data-elementor-id=\"19012\" class=\"elementor elementor-19012\">\n\t\t\t\t\t\t<section class=\"elementor-section elementor-top-section elementor-element elementor-element-74e8de5 elementor-section-boxed elementor-section-height-default elementor-section-height-default\" data-id=\"74e8de5\" data-element_type=\"section\">\n\t\t\t\t\t\t<div class=\"elementor-container elementor-column-gap-default\">\n\t\t\t\t\t<div class=\"elementor-column elementor-col-100 elementor-top-column elementor-element elementor-element-37202d0\" data-id=\"37202d0\" data-element_type=\"column\">\n\t\t\t<div class=\"elementor-widget-wrap elementor-element-populated\">\n\t\t\t\t\t\t<div class=\"elementor-element elementor-element-7efe223 elementor-widget elementor-widget-heading\" data-id=\"7efe223\" data-element_type=\"widget\" data-widget_type=\"heading.default\">\n\t\t\t\t<div class=\"elementor-widget-container\">\n\t\t\t<style>\/*! elementor - v3.23.0 - 05-08-2024 *\/\n.elementor-heading-title{padding:0;margin:0;line-height:1}.elementor-widget-heading .elementor-heading-title[class*=elementor-size-]>a{color:inherit;font-size:inherit;line-height:inherit}.elementor-widget-heading .elementor-heading-title.elementor-size-small{font-size:15px}.elementor-widget-heading .elementor-heading-title.elementor-size-medium{font-size:19px}.elementor-widget-heading .elementor-heading-title.elementor-size-large{font-size:29px}.elementor-widget-heading .elementor-heading-title.elementor-size-xl{font-size:39px}.elementor-widget-heading .elementor-heading-title.elementor-size-xxl{font-size:59px}<\/style><h2 class=\"elementor-heading-title elementor-size-default\">Preguntas Frecuentes<\/h2>\t\t<\/div>\n\t\t\t\t<\/div>\n\t\t\t\t\t<\/div>\n\t\t<\/div>\n\t\t\t\t\t<\/div>\n\t\t<\/section>\n\t\t\t\t<section class=\"elementor-section elementor-top-section elementor-element elementor-element-80adcd5 elementor-section-stretched elementor-section-boxed elementor-section-height-default elementor-section-height-default\" data-id=\"80adcd5\" data-element_type=\"section\" data-settings=\"{&quot;stretch_section&quot;:&quot;section-stretched&quot;}\">\n\t\t\t\t\t\t<div class=\"elementor-container elementor-column-gap-custom\">\n\t\t\t\t\t<div class=\"elementor-column elementor-col-50 elementor-top-column elementor-element elementor-element-38830fa\" data-id=\"38830fa\" data-element_type=\"column\">\n\t\t\t<div class=\"elementor-widget-wrap elementor-element-populated\">\n\t\t\t\t\t\t<div class=\"elementor-element elementor-element-bd35216 elementor-widget thim-ekits-heading elementor-widget-thim-heading\" data-id=\"bd35216\" data-element_type=\"widget\" data-widget_type=\"thim-heading.default\">\n\t\t\t\t<div class=\"elementor-widget-container\">\n\t\t\t<div class=\"sc_heading \"><h2 class=\"title\">Sobre los cursos<\/h2><span class=\"line\"><\/span><\/div>\t\t<\/div>\n\t\t\t\t<\/div>\n\t\t\t\t<div class=\"elementor-element elementor-element-04a496f elementor-widget elementor-widget-thim-accordion\" data-id=\"04a496f\" data-element_type=\"widget\" data-widget_type=\"thim-accordion.default\">\n\t\t\t\t<div class=\"elementor-widget-container\">\n\t\t\t<div class=\"thim-widget-accordion accordion-new-style\"><div id=\"accordion_04a496f\" class=\"panel-group\" role=\"tablist\" aria-multiselectable=\"true\">\n\t\t\t<div class=\"panel panel-default\">\n\t\t\t\t<div class=\"panel-heading\" role=\"tab\"\n\t\t\t\t\t id=\"heading_accordion_04a496f_0\">\n\t\t\t\t\t<h4 class=\"panel-title\">\n\t\t\t\t\t\t<a role=\"button\" class=\"collapsed\" data-toggle=\"collapse\"\n\t\t\t\t\t\t   data-parent=\"#accordion_04a496f\"\n\t\t\t\t\t\t   href=\"#collapse_accordion_04a496f_0\" aria-expanded=\"false\"\n\t\t\t\t\t\t   aria-controls=\"collapse_accordion_04a496f_0\">\n\t\t\t\t\t\t\t\u00bfCu\u00e1ndo puedo empezar un curso? \t\t\t\t\t\t<\/a>\n\t\t\t\t\t<\/h4>\n\t\t\t\t<\/div>\n\t\t\t\t<div id=\"collapse_accordion_04a496f_0\"\n\t\t\t\t\t class=\"panel-collapse collapse\"\n\t\t\t\t\t role=\"tabpanel\" aria-labelledby=\"heading_accordion_04a496f_0\">\n\t\t\t\t\t<div class=\"panel-body\">\n\t\t\t\t\t\t<p>Los cursos intensivos y los cursos de la tarde empiezan cada mes, pero es posible incorporarse el lunes de cada semana. (Bajo reservas de plazas disponibles)<\/p>\n<p>Los principiantes absolutos deben empezar al principio del curso.<br \/>\n<a href=\"\/calendrier\" title=\"calendario\"> calendario<\/a><\/p>\n\t\t\t\t\t<\/div>\n\t\t\t\t<\/div>\n\t\t\t<\/div>\n\n\t\t\n\t\t\t<div class=\"panel panel-default\">\n\t\t\t\t<div class=\"panel-heading\" role=\"tab\"\n\t\t\t\t\t id=\"heading_accordion_04a496f_1\">\n\t\t\t\t\t<h4 class=\"panel-title\">\n\t\t\t\t\t\t<a role=\"button\" class=\"collapsed\" data-toggle=\"collapse\"\n\t\t\t\t\t\t   data-parent=\"#accordion_04a496f\"\n\t\t\t\t\t\t   href=\"#collapse_accordion_04a496f_1\" aria-expanded=\"false\"\n\t\t\t\t\t\t   aria-controls=\"collapse_accordion_04a496f_1\">\n\t\t\t\t\t\t\t\u00bfDurante cu\u00e1nto tiempo puedo inscribirme?\t\t\t\t\t\t<\/a>\n\t\t\t\t\t<\/h4>\n\t\t\t\t<\/div>\n\t\t\t\t<div id=\"collapse_accordion_04a496f_1\"\n\t\t\t\t\t class=\"panel-collapse collapse\"\n\t\t\t\t\t role=\"tabpanel\" aria-labelledby=\"heading_accordion_04a496f_1\">\n\t\t\t\t\t<div class=\"panel-body\">\n\t\t\t\t\t\t<p>Nuestros cursos duran 4 semanas y puedes inscribirte en varios cursos.<br \/>\nTu aprendizaje ser\u00e1 continuo y seguir\u00e1 la progresi\u00f3n de MECR. La duraci\u00f3n m\u00ednima es de una semana para el curso intensivo. <\/p>\n<p>Las inscripciones de una semana no son prioritarias. Recomendamos que los principiantes absolutos se inscriban un m\u00ednimo de 4 semanas para progresar realmente.<\/p>\n\t\t\t\t\t<\/div>\n\t\t\t\t<\/div>\n\t\t\t<\/div>\n\n\t\t\n\t\t\t<div class=\"panel panel-default\">\n\t\t\t\t<div class=\"panel-heading\" role=\"tab\"\n\t\t\t\t\t id=\"heading_accordion_04a496f_2\">\n\t\t\t\t\t<h4 class=\"panel-title\">\n\t\t\t\t\t\t<a role=\"button\" class=\"collapsed\" data-toggle=\"collapse\"\n\t\t\t\t\t\t   data-parent=\"#accordion_04a496f\"\n\t\t\t\t\t\t   href=\"#collapse_accordion_04a496f_2\" aria-expanded=\"false\"\n\t\t\t\t\t\t   aria-controls=\"collapse_accordion_04a496f_2\">\n\t\t\t\t\t\t\t\u00bfCu\u00e1ntos estudiantes hay por clase?\t\t\t\t\t\t<\/a>\n\t\t\t\t\t<\/h4>\n\t\t\t\t<\/div>\n\t\t\t\t<div id=\"collapse_accordion_04a496f_2\"\n\t\t\t\t\t class=\"panel-collapse collapse\"\n\t\t\t\t\t role=\"tabpanel\" aria-labelledby=\"heading_accordion_04a496f_2\">\n\t\t\t\t\t<div class=\"panel-body\">\n\t\t\t\t\t\t<p>Abrimos un curso a partir de 4 estudiantes. <\/p>\n<p>El m\u00e1ximo de estudiantes por clase es 8.<\/p>\n\t\t\t\t\t<\/div>\n\t\t\t\t<\/div>\n\t\t\t<\/div>\n\n\t\t\n\t\t\t<div class=\"panel panel-default\">\n\t\t\t\t<div class=\"panel-heading\" role=\"tab\"\n\t\t\t\t\t id=\"heading_accordion_04a496f_3\">\n\t\t\t\t\t<h4 class=\"panel-title\">\n\t\t\t\t\t\t<a role=\"button\" class=\"collapsed\" data-toggle=\"collapse\"\n\t\t\t\t\t\t   data-parent=\"#accordion_04a496f\"\n\t\t\t\t\t\t   href=\"#collapse_accordion_04a496f_3\" aria-expanded=\"false\"\n\t\t\t\t\t\t   aria-controls=\"collapse_accordion_04a496f_3\">\n\t\t\t\t\t\t\t\u00bfCu\u00e1les son los niveles que se ense\u00f1an?\t\t\t\t\t\t<\/a>\n\t\t\t\t\t<\/h4>\n\t\t\t\t<\/div>\n\t\t\t\t<div id=\"collapse_accordion_04a496f_3\"\n\t\t\t\t\t class=\"panel-collapse collapse\"\n\t\t\t\t\t role=\"tabpanel\" aria-labelledby=\"heading_accordion_04a496f_3\">\n\t\t\t\t\t<div class=\"panel-body\">\n\t\t\t\t\t\t<p>Ofrecemos cursos del nivel A1 a C1. Los niveles de los cursos en grupo var\u00edan cada mes seg\u00fan los estudiantes inscritos. <\/p>\n<p>Si tienes exigencias espec\u00edficas, recomendamos elegir clases particulares.<\/p>\n\t\t\t\t\t<\/div>\n\t\t\t\t<\/div>\n\t\t\t<\/div>\n\n\t\t\n\t\t\t<div class=\"panel panel-default\">\n\t\t\t\t<div class=\"panel-heading\" role=\"tab\"\n\t\t\t\t\t id=\"heading_accordion_04a496f_4\">\n\t\t\t\t\t<h4 class=\"panel-title\">\n\t\t\t\t\t\t<a role=\"button\" class=\"collapsed\" data-toggle=\"collapse\"\n\t\t\t\t\t\t   data-parent=\"#accordion_04a496f\"\n\t\t\t\t\t\t   href=\"#collapse_accordion_04a496f_4\" aria-expanded=\"false\"\n\t\t\t\t\t\t   aria-controls=\"collapse_accordion_04a496f_4\">\n\t\t\t\t\t\t\t\u00bfC\u00f3mo se eval\u00faa mi nivel?\t\t\t\t\t\t<\/a>\n\t\t\t\t\t<\/h4>\n\t\t\t\t<\/div>\n\t\t\t\t<div id=\"collapse_accordion_04a496f_4\"\n\t\t\t\t\t class=\"panel-collapse collapse\"\n\t\t\t\t\t role=\"tabpanel\" aria-labelledby=\"heading_accordion_04a496f_4\">\n\t\t\t\t\t<div class=\"panel-body\">\n\t\t\t\t\t\t<p>Te enviamos un examen escrito un mes antes del comienzo del curso y te contactamos para evaluar tu nivel de franc\u00e9s oral.<\/p>\n\t\t\t\t\t<\/div>\n\t\t\t\t<\/div>\n\t\t\t<\/div>\n\n\t\t\n\t\t\t<div class=\"panel panel-default\">\n\t\t\t\t<div class=\"panel-heading\" role=\"tab\"\n\t\t\t\t\t id=\"heading_accordion_04a496f_5\">\n\t\t\t\t\t<h4 class=\"panel-title\">\n\t\t\t\t\t\t<a role=\"button\" class=\"collapsed\" data-toggle=\"collapse\"\n\t\t\t\t\t\t   data-parent=\"#accordion_04a496f\"\n\t\t\t\t\t\t   href=\"#collapse_accordion_04a496f_5\" aria-expanded=\"false\"\n\t\t\t\t\t\t   aria-controls=\"collapse_accordion_04a496f_5\">\n\t\t\t\t\t\t\t\u00bfCu\u00e1l es la edad m\u00ednima para inscribirse?\t\t\t\t\t\t<\/a>\n\t\t\t\t\t<\/h4>\n\t\t\t\t<\/div>\n\t\t\t\t<div id=\"collapse_accordion_04a496f_5\"\n\t\t\t\t\t class=\"panel-collapse collapse\"\n\t\t\t\t\t role=\"tabpanel\" aria-labelledby=\"heading_accordion_04a496f_5\">\n\t\t\t\t\t<div class=\"panel-body\">\n\t\t\t\t\t\t<p>Debe tener al menos 18 a\u00f1os.<\/p>\n\t\t\t\t\t<\/div>\n\t\t\t\t<\/div>\n\t\t\t<\/div>\n\n\t\t<\/div><\/div>\t\t<\/div>\n\t\t\t\t<\/div>\n\t\t\t\t\t<\/div>\n\t\t<\/div>\n\t\t\t\t<div class=\"elementor-column elementor-col-50 elementor-top-column elementor-element elementor-element-f9fc1c8\" data-id=\"f9fc1c8\" data-element_type=\"column\">\n\t\t\t<div class=\"elementor-widget-wrap elementor-element-populated\">\n\t\t\t\t\t\t<div class=\"elementor-element elementor-element-5e99207 elementor-widget thim-ekits-heading elementor-widget-thim-heading\" data-id=\"5e99207\" data-element_type=\"widget\" data-widget_type=\"thim-heading.default\">\n\t\t\t\t<div class=\"elementor-widget-container\">\n\t\t\t<div class=\"sc_heading \"><h2 class=\"title\">Sobre la escuela<\/h2><span class=\"line\"><\/span><\/div>\t\t<\/div>\n\t\t\t\t<\/div>\n\t\t\t\t<div class=\"elementor-element elementor-element-db3aa8d elementor-widget elementor-widget-thim-accordion\" data-id=\"db3aa8d\" data-element_type=\"widget\" data-widget_type=\"thim-accordion.default\">\n\t\t\t\t<div class=\"elementor-widget-container\">\n\t\t\t<div class=\"thim-widget-accordion accordion-new-style\"><div id=\"accordion_db3aa8d\" class=\"panel-group\" role=\"tablist\" aria-multiselectable=\"true\">\n\t\t\t<div class=\"panel panel-default\">\n\t\t\t\t<div class=\"panel-heading\" role=\"tab\"\n\t\t\t\t\t id=\"heading_accordion_db3aa8d_0\">\n\t\t\t\t\t<h4 class=\"panel-title\">\n\t\t\t\t\t\t<a role=\"button\" class=\"collapsed\" data-toggle=\"collapse\"\n\t\t\t\t\t\t   data-parent=\"#accordion_db3aa8d\"\n\t\t\t\t\t\t   href=\"#collapse_accordion_db3aa8d_0\" aria-expanded=\"false\"\n\t\t\t\t\t\t   aria-controls=\"collapse_accordion_db3aa8d_0\">\n\t\t\t\t\t\t\t\u00bfQu\u00e9 pasa si me abstengo?\t\t\t\t\t\t<\/a>\n\t\t\t\t\t<\/h4>\n\t\t\t\t<\/div>\n\t\t\t\t<div id=\"collapse_accordion_db3aa8d_0\"\n\t\t\t\t\t class=\"panel-collapse collapse\"\n\t\t\t\t\t role=\"tabpanel\" aria-labelledby=\"heading_accordion_db3aa8d_0\">\n\t\t\t\t\t<div class=\"panel-body\">\n\t\t\t\t\t\t<p>Si no viene, el curso no ser\u00e1 reemplazado ni reembolsado.<\/p>\n<p>En caso de ausencia prolongada, por favor p\u00f3ngase en contacto con la secretaria.<\/p>\n\t\t\t\t\t<\/div>\n\t\t\t\t<\/div>\n\t\t\t<\/div>\n\n\t\t\n\t\t\t<div class=\"panel panel-default\">\n\t\t\t\t<div class=\"panel-heading\" role=\"tab\"\n\t\t\t\t\t id=\"heading_accordion_db3aa8d_1\">\n\t\t\t\t\t<h4 class=\"panel-title\">\n\t\t\t\t\t\t<a role=\"button\" class=\"collapsed\" data-toggle=\"collapse\"\n\t\t\t\t\t\t   data-parent=\"#accordion_db3aa8d\"\n\t\t\t\t\t\t   href=\"#collapse_accordion_db3aa8d_1\" aria-expanded=\"false\"\n\t\t\t\t\t\t   aria-controls=\"collapse_accordion_db3aa8d_1\">\n\t\t\t\t\t\t\t\u00bfQu\u00e9 debo traer a la escuela? \u00bfDebo comprar un manual?\t\t\t\t\t\t<\/a>\n\t\t\t\t\t<\/h4>\n\t\t\t\t<\/div>\n\t\t\t\t<div id=\"collapse_accordion_db3aa8d_1\"\n\t\t\t\t\t class=\"panel-collapse collapse\"\n\t\t\t\t\t role=\"tabpanel\" aria-labelledby=\"heading_accordion_db3aa8d_1\">\n\t\t\t\t\t<div class=\"panel-body\">\n\t\t\t\t\t\t<p>Ven con un bol\u00edgrafo y un cuaderno. El material pedag\u00f3gico te ser\u00e1 dado.<\/p>\n\t\t\t\t\t<\/div>\n\t\t\t\t<\/div>\n\t\t\t<\/div>\n\n\t\t\n\t\t\t<div class=\"panel panel-default\">\n\t\t\t\t<div class=\"panel-heading\" role=\"tab\"\n\t\t\t\t\t id=\"heading_accordion_db3aa8d_2\">\n\t\t\t\t\t<h4 class=\"panel-title\">\n\t\t\t\t\t\t<a role=\"button\" class=\"collapsed\" data-toggle=\"collapse\"\n\t\t\t\t\t\t   data-parent=\"#accordion_db3aa8d\"\n\t\t\t\t\t\t   href=\"#collapse_accordion_db3aa8d_2\" aria-expanded=\"false\"\n\t\t\t\t\t\t   aria-controls=\"collapse_accordion_db3aa8d_2\">\n\t\t\t\t\t\t\t\u00bfCu\u00e1ndo y c\u00f3mo pago el curso?\t\t\t\t\t\t<\/a>\n\t\t\t\t\t<\/h4>\n\t\t\t\t<\/div>\n\t\t\t\t<div id=\"collapse_accordion_db3aa8d_2\"\n\t\t\t\t\t class=\"panel-collapse collapse\"\n\t\t\t\t\t role=\"tabpanel\" aria-labelledby=\"heading_accordion_db3aa8d_2\">\n\t\t\t\t\t<div class=\"panel-body\">\n\t\t\t\t\t\t<p>Si reserva un curso con tiempo, hasta 2 semanas antes del curso, su plaza ser\u00e1 garantizada pagando un anticipo de 200 euros por transferencia para el curso intensivo. <\/p>\n<p>El pago del curso se debe hacer el primer d\u00eda. Puede pagar de una vez o hacer pagos semanales con tarjeta o en efectivo.<\/p>\n\t\t\t\t\t<\/div>\n\t\t\t\t<\/div>\n\t\t\t<\/div>\n\n\t\t\n\t\t\t<div class=\"panel panel-default\">\n\t\t\t\t<div class=\"panel-heading\" role=\"tab\"\n\t\t\t\t\t id=\"heading_accordion_db3aa8d_3\">\n\t\t\t\t\t<h4 class=\"panel-title\">\n\t\t\t\t\t\t<a role=\"button\" class=\"collapsed\" data-toggle=\"collapse\"\n\t\t\t\t\t\t   data-parent=\"#accordion_db3aa8d\"\n\t\t\t\t\t\t   href=\"#collapse_accordion_db3aa8d_3\" aria-expanded=\"false\"\n\t\t\t\t\t\t   aria-controls=\"collapse_accordion_db3aa8d_3\">\n\t\t\t\t\t\t\t\u00bfSe puede hacer un curso de prueba?\t\t\t\t\t\t<\/a>\n\t\t\t\t\t<\/h4>\n\t\t\t\t<\/div>\n\t\t\t\t<div id=\"collapse_accordion_db3aa8d_3\"\n\t\t\t\t\t class=\"panel-collapse collapse\"\n\t\t\t\t\t role=\"tabpanel\" aria-labelledby=\"heading_accordion_db3aa8d_3\">\n\t\t\t\t\t<div class=\"panel-body\">\n\t\t\t\t\t\t<p>No es posible.<\/p>\n\t\t\t\t\t<\/div>\n\t\t\t\t<\/div>\n\t\t\t<\/div>\n\n\t\t\n\t\t\t<div class=\"panel panel-default\">\n\t\t\t\t<div class=\"panel-heading\" role=\"tab\"\n\t\t\t\t\t id=\"heading_accordion_db3aa8d_4\">\n\t\t\t\t\t<h4 class=\"panel-title\">\n\t\t\t\t\t\t<a role=\"button\" class=\"collapsed\" data-toggle=\"collapse\"\n\t\t\t\t\t\t   data-parent=\"#accordion_db3aa8d\"\n\t\t\t\t\t\t   href=\"#collapse_accordion_db3aa8d_4\" aria-expanded=\"false\"\n\t\t\t\t\t\t   aria-controls=\"collapse_accordion_db3aa8d_4\">\n\t\t\t\t\t\t\t\u00bfHay costes de inscripci\u00f3n?\t\t\t\t\t\t<\/a>\n\t\t\t\t\t<\/h4>\n\t\t\t\t<\/div>\n\t\t\t\t<div id=\"collapse_accordion_db3aa8d_4\"\n\t\t\t\t\t class=\"panel-collapse collapse\"\n\t\t\t\t\t role=\"tabpanel\" aria-labelledby=\"heading_accordion_db3aa8d_4\">\n\t\t\t\t\t<div class=\"panel-body\">\n\t\t\t\t\t\t<p>No hay coste por la inscripci\u00f3n. El anticipo sirve para reservar la plaza y le ser\u00e1 reducido del precio final.<\/p>\n\t\t\t\t\t<\/div>\n\t\t\t\t<\/div>\n\t\t\t<\/div>\n\n\t\t\n\t\t\t<div class=\"panel panel-default\">\n\t\t\t\t<div class=\"panel-heading\" role=\"tab\"\n\t\t\t\t\t id=\"heading_accordion_db3aa8d_5\">\n\t\t\t\t\t<h4 class=\"panel-title\">\n\t\t\t\t\t\t<a role=\"button\" class=\"collapsed\" data-toggle=\"collapse\"\n\t\t\t\t\t\t   data-parent=\"#accordion_db3aa8d\"\n\t\t\t\t\t\t   href=\"#collapse_accordion_db3aa8d_5\" aria-expanded=\"false\"\n\t\t\t\t\t\t   aria-controls=\"collapse_accordion_db3aa8d_5\">\n\t\t\t\t\t\t\t\u00bfLa escuela me puede ayudar a encontrar un alojamiento?\t\t\t\t\t\t<\/a>\n\t\t\t\t\t<\/h4>\n\t\t\t\t<\/div>\n\t\t\t\t<div id=\"collapse_accordion_db3aa8d_5\"\n\t\t\t\t\t class=\"panel-collapse collapse\"\n\t\t\t\t\t role=\"tabpanel\" aria-labelledby=\"heading_accordion_db3aa8d_5\">\n\t\t\t\t\t<div class=\"panel-body\">\n\t\t\t\t\t\t<p>No tenemos servicio de alojamiento.<\/p>\n<p>Sin embargo, estamos en contacto con algunas familias que pueden hospedar algunos estudiantes. (Oferta limitada)<\/p>\n\t\t\t\t\t<\/div>\n\t\t\t\t<\/div>\n\t\t\t<\/div>\n\n\t\t<\/div><\/div>\t\t<\/div>\n\t\t\t\t<\/div>\n\t\t\t\t\t<\/div>\n\t\t<\/div>\n\t\t\t\t\t<\/div>\n\t\t<\/section>\n\t\t\t\t<section class=\"elementor-section elementor-top-section elementor-element elementor-element-3ef2215 elementor-section-boxed elementor-section-height-default elementor-section-height-default\" data-id=\"3ef2215\" data-element_type=\"section\">\n\t\t\t\t\t\t<div class=\"elementor-container elementor-column-gap-default\">\n\t\t\t\t\t<div class=\"elementor-column elementor-col-100 elementor-top-column elementor-element elementor-element-173881e\" data-id=\"173881e\" data-element_type=\"column\">\n\t\t\t<div class=\"elementor-widget-wrap elementor-element-populated\">\n\t\t\t\t\t\t<div class=\"elementor-element elementor-element-0e3a947 elementor-widget thim-ekits-heading elementor-widget-thim-heading\" data-id=\"0e3a947\" data-element_type=\"widget\" data-widget_type=\"thim-heading.default\">\n\t\t\t\t<div class=\"elementor-widget-container\">\n\t\t\t<div class=\"sc_heading \"><h2 class=\"title\"> \u00bfC\u00f3mo aplicar para una visa de estudiante?<\/h2><span class=\"line\"><\/span><\/div>\t\t<\/div>\n\t\t\t\t<\/div>\n\t\t\t\t<div class=\"elementor-element elementor-element-76aedee elementor-widget elementor-widget-text-editor\" data-id=\"76aedee\" data-element_type=\"widget\" data-widget_type=\"text-editor.default\">\n\t\t\t\t<div class=\"elementor-widget-container\">\n\t\t\t<style>\/*! elementor - v3.23.0 - 05-08-2024 *\/\n.elementor-widget-text-editor.elementor-drop-cap-view-stacked .elementor-drop-cap{background-color:#69727d;color:#fff}.elementor-widget-text-editor.elementor-drop-cap-view-framed .elementor-drop-cap{color:#69727d;border:3px solid;background-color:transparent}.elementor-widget-text-editor:not(.elementor-drop-cap-view-default) .elementor-drop-cap{margin-top:8px}.elementor-widget-text-editor:not(.elementor-drop-cap-view-default) .elementor-drop-cap-letter{width:1em;height:1em}.elementor-widget-text-editor .elementor-drop-cap{float:left;text-align:center;line-height:1;font-size:50px}.elementor-widget-text-editor .elementor-drop-cap-letter{display:inline-block}<\/style>\t\t\t\t<p>Si deseas<a href=\"https:\/\/www.langueappart.fr\/es\/cursos-de-frances\/\"><strong> estudiar en Francia<\/strong><\/a> m\u00e1s de 90 d\u00edas y tu pa\u00eds no es miembro de los pa\u00edses de la Uni\u00f3n Europea, debes aplicar y realizar los tr\u00e1mites correspondientes para <a href=\"https:\/\/france-visas.gouv.fr\/espagne\" target=\"_blank\" rel=\"noopener\"><strong>el visado<\/strong><\/a> \u201cVisa Long S\u00e9jour Etudiant\u00bb(visa de larga duraci\u00f3n para estudiantes). El consulado de Francia en tu pa\u00eds te pedir\u00e1 un certificado de preinscripci\u00f3n.<\/p><p>Para completar el dossier, por favor env\u00edanos por email o correo postal :<\/p><p>1. Documentos :<\/p><p>\u2013 Copia del pasaporte<br \/>\u2013 Copia del \u00faltimo diploma de estudios superiores<br \/>\u2013 Una descripci\u00f3n de tu proyecto de estudios en Francia (10 l\u00edneas m\u00e1ximo) en franc\u00e9s, ingl\u00e9s, ruso o castellano.<br \/>\u2013 El formulario de inscripci\u00f3n enteramente diligenciado<\/p><p><strong>ATENCI\u00d3N : su dossier ser\u00e1 estudiado en un plazo de al menos 5 D\u00cdAS.<\/strong><\/p><p>2. Si el proyecto es aceptado, deber\u00e1s realizar la transferencia bancaria (200 euros) con el fin de reservar tu cupo. Los 200 euros no se reembolsan. V\u00e1lido por un a\u00f1o.<\/p><p>3. Una vez recibida la suma correspondiente a la preinscripci\u00f3n, nosotros te enviaremos el certificado de inscripci\u00f3n. Contar de 2 a 3 semanas entre la demanda y la recepci\u00f3n del certificado. Este certificado no garantiza la obtenci\u00f3n de la visa.<\/p><p>Ninguna informaci\u00f3n es comunicada por tel\u00e9fono. Si tienes alguna pregunta, por favor cont\u00e1ctanos v\u00eda email.<\/p>\t\t\t\t\t\t<\/div>\n\t\t\t\t<\/div>\n\t\t\t\t\t<\/div>\n\t\t<\/div>\n\t\t\t\t\t<\/div>\n\t\t<\/section>\n\t\t\t\t<\/div>\n\t\t","protected":false},"excerpt":{"rendered":"<p>Preguntas Frecuentes Sobre los cursos \u00bfCu\u00e1ndo puedo empezar un curso? Los cursos intensivos y los cursos de la tarde empiezan cada mes, pero es posible incorporarse el lunes de cada semana. (Bajo reservas de plazas disponibles) Los principiantes absolutos deben &hellip; <\/p>\n","protected":false},"author":1,"featured_media":0,"parent":0,"menu_order":0,"comment_status":"closed","ping_status":"closed","template":"","meta":{"_themeisle_gutenberg_block_has_review":false,"footnotes":""},"class_list":["post-19012","page","type-page","status-publish","hentry"],"_links":{"self":[{"href":"https:\/\/www.langueappart.fr\/es\/wp-json\/wp\/v2\/pages\/19012","targetHints":{"allow":["GET"]}}],"collection":[{"href":"https:\/\/www.langueappart.fr\/es\/wp-json\/wp\/v2\/pages"}],"about":[{"href":"https:\/\/www.langueappart.fr\/es\/wp-json\/wp\/v2\/types\/page"}],"author":[{"embeddable":true,"href":"https:\/\/www.langueappart.fr\/es\/wp-json\/wp\/v2\/users\/1"}],"replies":[{"embeddable":true,"href":"https:\/\/www.langueappart.fr\/es\/wp-json\/wp\/v2\/comments?post=19012"}],"version-history":[{"count":12,"href":"https:\/\/www.langueappart.fr\/es\/wp-json\/wp\/v2\/pages\/19012\/revisions"}],"predecessor-version":[{"id":20587,"href":"https:\/\/www.langueappart.fr\/es\/wp-json\/wp\/v2\/pages\/19012\/revisions\/20587"}],"wp:attachment":[{"href":"https:\/\/www.langueappart.fr\/es\/wp-json\/wp\/v2\/media?parent=19012"}],"curies":[{"name":"wp","href":"https:\/\/api.w.org\/{rel}","templated":true}]}}