{"id":19047,"date":"2022-11-17T19:28:06","date_gmt":"2022-11-17T18:28:06","guid":{"rendered":"http:\/\/www.langueappart.fr\/logement\/"},"modified":"2025-04-01T11:05:12","modified_gmt":"2025-04-01T09:05:12","slug":"alojamiento-estudiantil-en-casa-de-familia","status":"publish","type":"page","link":"https:\/\/www.langueappart.fr\/es\/alojamiento-estudiantil-en-casa-de-familia\/","title":{"rendered":"El alojamiento"},"content":{"rendered":"\t\t<div data-elementor-type=\"wp-page\" data-elementor-id=\"19047\" class=\"elementor elementor-19047\">\n\t\t\t\t\t\t<section class=\"elementor-section elementor-top-section elementor-element elementor-element-ba721f9 elementor-section-boxed elementor-section-height-default elementor-section-height-default\" data-id=\"ba721f9\" data-element_type=\"section\">\n\t\t\t\t\t\t<div class=\"elementor-container elementor-column-gap-default\">\n\t\t\t\t\t<div class=\"elementor-column elementor-col-100 elementor-top-column elementor-element elementor-element-cf24e97\" data-id=\"cf24e97\" data-element_type=\"column\">\n\t\t\t<div class=\"elementor-widget-wrap elementor-element-populated\">\n\t\t\t\t\t\t<div class=\"elementor-element elementor-element-9c90f1d elementor-widget elementor-widget-heading\" data-id=\"9c90f1d\" data-element_type=\"widget\" data-widget_type=\"heading.default\">\n\t\t\t\t<div class=\"elementor-widget-container\">\n\t\t\t<style>\/*! elementor - v3.23.0 - 05-08-2024 *\/\n.elementor-heading-title{padding:0;margin:0;line-height:1}.elementor-widget-heading .elementor-heading-title[class*=elementor-size-]>a{color:inherit;font-size:inherit;line-height:inherit}.elementor-widget-heading .elementor-heading-title.elementor-size-small{font-size:15px}.elementor-widget-heading .elementor-heading-title.elementor-size-medium{font-size:19px}.elementor-widget-heading .elementor-heading-title.elementor-size-large{font-size:29px}.elementor-widget-heading .elementor-heading-title.elementor-size-xl{font-size:39px}.elementor-widget-heading .elementor-heading-title.elementor-size-xxl{font-size:59px}<\/style><h2 class=\"elementor-heading-title elementor-size-default\">Alojamiento Estudiantil en Casa de Familia : <\/h2>\t\t<\/div>\n\t\t\t\t<\/div>\n\t\t\t\t<div class=\"elementor-element elementor-element-78ffaa5 elementor-widget elementor-widget-text-editor\" data-id=\"78ffaa5\" data-element_type=\"widget\" data-widget_type=\"text-editor.default\">\n\t\t\t\t<div class=\"elementor-widget-container\">\n\t\t\t<style>\/*! elementor - v3.23.0 - 05-08-2024 *\/\n.elementor-widget-text-editor.elementor-drop-cap-view-stacked .elementor-drop-cap{background-color:#69727d;color:#fff}.elementor-widget-text-editor.elementor-drop-cap-view-framed .elementor-drop-cap{color:#69727d;border:3px solid;background-color:transparent}.elementor-widget-text-editor:not(.elementor-drop-cap-view-default) .elementor-drop-cap{margin-top:8px}.elementor-widget-text-editor:not(.elementor-drop-cap-view-default) .elementor-drop-cap-letter{width:1em;height:1em}.elementor-widget-text-editor .elementor-drop-cap{float:left;text-align:center;line-height:1;font-size:50px}.elementor-widget-text-editor .elementor-drop-cap-letter{display:inline-block}<\/style>\t\t\t\t<p>\u00bfEst\u00e1s buscando un <strong>alojamiento para estudiantes con una familia anfitriona en Par\u00eds<\/strong> para tu estancia de estudios en la capital francesa? Hemos establecido asociaciones con algunas <strong>familias de acogida para estudiantes extranjeros en Par\u00eds<\/strong> que est\u00e1n dispuestas a ofrecerte un alojamiento c\u00e1lido y c\u00f3modo. Esta oportunidad es limitada en n\u00famero de plazas (5).<\/p>\t\t\t\t\t\t<\/div>\n\t\t\t\t<\/div>\n\t\t\t\t<section class=\"elementor-section elementor-inner-section elementor-element elementor-element-56ae916 elementor-section-boxed elementor-section-height-default elementor-section-height-default\" data-id=\"56ae916\" data-element_type=\"section\">\n\t\t\t\t\t\t<div class=\"elementor-container elementor-column-gap-default\">\n\t\t\t\t\t<div class=\"elementor-column elementor-col-50 elementor-inner-column elementor-element elementor-element-1f409e6\" data-id=\"1f409e6\" data-element_type=\"column\">\n\t\t\t<div class=\"elementor-widget-wrap elementor-element-populated\">\n\t\t\t\t\t\t<div class=\"elementor-element elementor-element-ea5b0f4 elementor-widget elementor-widget-text-editor\" data-id=\"ea5b0f4\" data-element_type=\"widget\" data-widget_type=\"text-editor.default\">\n\t\t\t\t<div class=\"elementor-widget-container\">\n\t\t\t\t\t\t\t<h3><strong>Lo Que Incluye Su Alojamiento en Familia de Acogida<\/strong><\/h3><p>Al optar por un <strong>alquiler de habitaci\u00f3n para estudiantes en <a href=\"https:\/\/es.wikipedia.org\/wiki\/Par%C3%ADs\" target=\"_blank\" rel=\"noopener\">Par\u00eds<\/a><\/strong> a trav\u00e9s de nuestro servicio, usted disfrutar\u00e1 de:<\/p><ul><li><strong>Una habitaci\u00f3n individual:<\/strong> Tendr\u00e1 su propio espacio privado para estudiar y descansar.<\/li><li><strong>Uso de la cocina y el ba\u00f1o:<\/strong> Podr\u00e1 compartir estos espacios con la familia de acogida, lo que le permitir\u00e1 descubrir el estilo de vida parisino en el d\u00eda a d\u00eda.<\/li><\/ul><h3><strong>Tasas Administrativas y Modalidades de Pago<\/strong><\/h3><p>Para reservar su <strong>alojamiento de estudiante en una casa particular<\/strong>, se aplican unas tasas administrativas de 100 euros. Una vez que su alojamiento est\u00e9 confirmado, deber\u00e1 realizar una transferencia bancaria indicando la referencia \u00abalojamiento\u00bb y el mes de su estancia. Este paso es crucial para garantizar su lugar en la familia de acogida.<\/p><h3><strong>Tarifa de Alojamiento en Familia de Acogida para Estudiantes<\/strong><\/h3><p>La <strong>tarifa de alojamiento en familia de acogida para estudiantes<\/strong> por un per\u00edodo de cuatro semanas comienza a partir de 850 \u20ac. \u00a0El monton total de su estancia deber\u00e1 ser pagado directamente a la familia de acogida el d\u00eda de su llegada. Este m\u00e9todo asegura una transacci\u00f3n simple y transparente.<\/p><h3><strong>Preparaci\u00f3n de Su Estancia en Familia de Acogida<\/strong><\/h3><p>Para facilitar su llegada y estancia, le pedimos que nos proporcione una breve descripci\u00f3n destinada a su futuro anfitri\u00f3n. Esta descripci\u00f3n debe incluir informaci\u00f3n como:<\/p><ul><li>Nacionalidad<\/li><li>Profesi\u00f3n o campo de estudios<\/li><li>Aficiones e intereses<\/li><li>Alergias alimentarias u otras restricciones<\/li><li>Edad<\/li><\/ul><p>Esta informaci\u00f3n ayuda a la <strong>familia de acogida para estudiantes extranjeros<\/strong> a conocerlo mejor y a preparar su llegada en las mejores condiciones.<\/p><h3><strong>Reservas y Plazos de Solicitud<\/strong><\/h3><p>Si est\u00e1 interesado(a) en este <strong>alquiler de habitaci\u00f3n para estudiantes en Par\u00eds<\/strong>, es esencial que nos env\u00ede su solicitud al menos 2 meses antes del inicio de sus cursos. Esta anticipaci\u00f3n es necesaria para asegurar la disponibilidad de su alojamiento y ofrecerle el mejor servicio posible.<\/p><p>Al elegir nuestro servicio de <strong>alojamiento para estudiantes en casa particular<\/strong>, se asegura una experiencia aut\u00e9ntica y enriquecedora en Par\u00eds, en un entorno familiar que favorecer\u00e1 su inmersi\u00f3n cultural y ling\u00fc\u00edstica.\u00a0<\/p>\t\t\t\t\t\t<\/div>\n\t\t\t\t<\/div>\n\t\t\t\t<div class=\"elementor-element elementor-element-922cf6a elementor-widget thim-widget-button\" data-id=\"922cf6a\" data-element_type=\"widget\" data-widget_type=\"thim-button.default\">\n\t\t\t\t<div class=\"elementor-widget-container\">\n\t\t\t<a class=\"widget-button normal\" href=\"https:\/\/www.langueappart.fr\/es\/inscription\/\" target=\"_blank\" rel=\"nofollow\">Inscribirse<\/a>\t\t<\/div>\n\t\t\t\t<\/div>\n\t\t\t\t\t<\/div>\n\t\t<\/div>\n\t\t\t\t<div class=\"elementor-column elementor-col-50 elementor-inner-column elementor-element elementor-element-d2df7bb\" data-id=\"d2df7bb\" data-element_type=\"column\">\n\t\t\t<div class=\"elementor-widget-wrap elementor-element-populated\">\n\t\t\t\t\t\t<div class=\"elementor-element elementor-element-359d380 elementor-widget elementor-widget-image\" data-id=\"359d380\" data-element_type=\"widget\" data-widget_type=\"image.default\">\n\t\t\t\t<div class=\"elementor-widget-container\">\n\t\t\t<style>\/*! elementor - v3.23.0 - 05-08-2024 *\/\n.elementor-widget-image{text-align:center}.elementor-widget-image a{display:inline-block}.elementor-widget-image a img[src$=\".svg\"]{width:48px}.elementor-widget-image img{vertical-align:middle;display:inline-block}<\/style>\t\t\t\t\t\t\t\t\t\t<img fetchpriority=\"high\" decoding=\"async\" width=\"447\" height=\"640\" src=\"https:\/\/www.langueappart.fr\/wp-content\/uploads\/2024\/08\/logement.jpg\" class=\"attachment-large size-large wp-image-20435\" alt=\"\" srcset=\"https:\/\/www.langueappart.fr\/wp-content\/uploads\/2024\/08\/logement.jpg 447w, https:\/\/www.langueappart.fr\/wp-content\/uploads\/2024\/08\/logement-210x300.jpg 210w\" sizes=\"(max-width: 447px) 100vw, 447px\">\t\t\t\t\t\t\t\t\t\t\t\t\t<\/div>\n\t\t\t\t<\/div>\n\t\t\t\t<div class=\"elementor-element elementor-element-90b978e elementor-widget elementor-widget-image\" data-id=\"90b978e\" data-element_type=\"widget\" data-widget_type=\"image.default\">\n\t\t\t\t<div class=\"elementor-widget-container\">\n\t\t\t\t\t\t\t\t\t\t\t\t\t<img decoding=\"async\" width=\"640\" height=\"427\" src=\"https:\/\/www.langueappart.fr\/wp-content\/uploads\/2024\/08\/Design-sans-titre385-2-1024x683.png\" class=\"attachment-large size-large wp-image-20667\" alt=\"alojamiento-estudiantil-en-casa-de-familia-photo\" srcset=\"https:\/\/www.langueappart.fr\/wp-content\/uploads\/2024\/08\/Design-sans-titre385-2-1024x683.png 1024w, https:\/\/www.langueappart.fr\/wp-content\/uploads\/2024\/08\/Design-sans-titre385-2-300x200.png 300w, https:\/\/www.langueappart.fr\/wp-content\/uploads\/2024\/08\/Design-sans-titre385-2-768x512.png 768w, https:\/\/www.langueappart.fr\/wp-content\/uploads\/2024\/08\/Design-sans-titre385-2-1536x1024.png 1536w, https:\/\/www.langueappart.fr\/wp-content\/uploads\/2024\/08\/Design-sans-titre385-2.png 2048w\" sizes=\"(max-width: 640px) 100vw, 640px\" \/>\t\t\t\t\t\t\t\t\t\t\t\t\t<\/div>\n\t\t\t\t<\/div>\n\t\t\t\t\t<\/div>\n\t\t<\/div>\n\t\t\t\t\t<\/div>\n\t\t<\/section>\n\t\t\t\t\t<\/div>\n\t\t<\/div>\n\t\t\t\t\t<\/div>\n\t\t<\/section>\n\t\t\t\t<\/div>\n\t\t","protected":false},"excerpt":{"rendered":"<p>Alojamiento Estudiantil en Casa de Familia : \u00bfEst\u00e1s buscando un alojamiento para estudiantes con una familia anfitriona en Par\u00eds para tu estancia de estudios en la capital francesa? Hemos establecido asociaciones con algunas familias de acogida para estudiantes extranjeros en &hellip; <\/p>\n","protected":false},"author":1,"featured_media":0,"parent":0,"menu_order":0,"comment_status":"closed","ping_status":"closed","template":"","meta":{"_themeisle_gutenberg_block_has_review":false,"footnotes":""},"class_list":["post-19047","page","type-page","status-publish","hentry"],"_links":{"self":[{"href":"https:\/\/www.langueappart.fr\/es\/wp-json\/wp\/v2\/pages\/19047","targetHints":{"allow":["GET"]}}],"collection":[{"href":"https:\/\/www.langueappart.fr\/es\/wp-json\/wp\/v2\/pages"}],"about":[{"href":"https:\/\/www.langueappart.fr\/es\/wp-json\/wp\/v2\/types\/page"}],"author":[{"embeddable":true,"href":"https:\/\/www.langueappart.fr\/es\/wp-json\/wp\/v2\/users\/1"}],"replies":[{"embeddable":true,"href":"https:\/\/www.langueappart.fr\/es\/wp-json\/wp\/v2\/comments?post=19047"}],"version-history":[{"count":20,"href":"https:\/\/www.langueappart.fr\/es\/wp-json\/wp\/v2\/pages\/19047\/revisions"}],"predecessor-version":[{"id":21055,"href":"https:\/\/www.langueappart.fr\/es\/wp-json\/wp\/v2\/pages\/19047\/revisions\/21055"}],"wp:attachment":[{"href":"https:\/\/www.langueappart.fr\/es\/wp-json\/wp\/v2\/media?parent=19047"}],"curies":[{"name":"wp","href":"https:\/\/api.w.org\/{rel}","templated":true}]}}